{"id":1521,"date":"2019-10-14T22:35:53","date_gmt":"2019-10-14T20:35:53","guid":{"rendered":"https:\/\/zaubermaus-haus.de\/wuerzburg\/?page_id=1521"},"modified":"2019-10-20T23:21:45","modified_gmt":"2019-10-20T21:21:45","slug":"faq","status":"publish","type":"page","link":"https:\/\/zaubermaus-haus.de\/wuerzburg\/faq\/","title":{"rendered":"FAQ"},"content":{"rendered":"<div class=\"wpb-content-wrapper\">[vc_row][vc_column][vc_empty_space height=&#8220;120&#8243;][vc_custom_heading text=&#8220;Fragen &amp; Antworten&#8220; font_container=&#8220;tag:h1|text_align:center|color:%23ffffff&#8220; google_fonts=&#8220;font_family:Dancing%20Script%3Aregular%2C700|font_style:400%20regular%3A400%3Anormal&#8220;][vc_custom_heading text=&#8220;Einfach auf die jeweilige Frage f\u00fcr die Antwort klicken ;-)&#8220; font_container=&#8220;tag:h4|text_align:center|color:%23ffffff&#8220; google_fonts=&#8220;font_family:Raleway%3A100%2C200%2C300%2Cregular%2C500%2C600%2C700%2C800%2C900|font_style:400%20regular%3A400%3Anormal&#8220;][vc_empty_space height=&#8220;100&#8243;][vc_toggle title=&#8220;Wie viel kostet es?&#8220; custom_font_container=&#8220;tag:h2|text_align:left|color:%23ffffff&#8220; custom_google_fonts=&#8220;font_family:Raleway%3A100%2C200%2C300%2Cregular%2C500%2C600%2C700%2C800%2C900|font_style:400%20regular%3A400%3Anormal&#8220; use_custom_heading=&#8220;true&#8220;]<span style=\"color: #ffffff;\">Leider d\u00fcrfen wir euch diese Frage nicht auf der Webseite beantwortet, dies hat verschiedene Gr\u00fcnde.<\/span><\/p>\n<p><span style=\"color: #ffffff;\">Zum einen sind unsere Damen selbstst\u00e4ndig und arbeiten auf eigene Rechnung, somit ist es uns nicht m\u00f6glich die Preise zu bestimmen. Des weiteren ist es seitens des Gesetzgebers nicht erlaubt Preise auf Webseiten anzugeben.<\/span><\/p>\n<p><span style=\"color: #ffffff;\">Vorort erfahrt ihr nat\u00fcrlich direkt den Preis!<\/span>[\/vc_toggle][vc_toggle title=&#8220;Sind Hausbesuche m\u00f6glich?&#8220; custom_font_container=&#8220;tag:h2|text_align:left|color:%23ffffff&#8220; custom_google_fonts=&#8220;font_family:Raleway%3A100%2C200%2C300%2Cregular%2C500%2C600%2C700%2C800%2C900|font_style:400%20regular%3A400%3Anormal&#8220; use_custom_heading=&#8220;true&#8220;]<span style=\"color: #ffffff;\"><strong>Nein.<\/strong> <\/span><\/p>\n<p><span style=\"color: #ffffff;\">Der organisatorische Aufwand ist leider viel zu gro\u00df um Hausbesuche anbieten zu k\u00f6nnen.<\/span>[\/vc_toggle][vc_toggle title=&#8220;Kann ich einen Termin ausmachen?&#8220; custom_font_container=&#8220;tag:h2|text_align:left|color:%23ffffff&#8220; custom_google_fonts=&#8220;font_family:Raleway%3A100%2C200%2C300%2Cregular%2C500%2C600%2C700%2C800%2C900|font_style:400%20regular%3A400%3Anormal&#8220; use_custom_heading=&#8220;true&#8220;]<span style=\"color: #ffffff;\"><strong>Ja!<\/strong><\/span><\/p>\n<p><span style=\"color: #ffffff;\">Ihr k\u00f6nnt jederzeit vor eurem Besuch bei uns anrufen <strong>(0931 2877401)<\/strong> und eure Wunschdame f\u00fcr eine bestimmte Uhrzeit reservieren.<\/span>[\/vc_toggle][vc_toggle title=&#8220;Junggesellenabschied m\u00f6glich?&#8220; custom_font_container=&#8220;tag:h2|text_align:left|color:%23ffffff&#8220; custom_google_fonts=&#8220;font_family:Raleway%3A100%2C200%2C300%2Cregular%2C500%2C600%2C700%2C800%2C900|font_style:400%20regular%3A400%3Anormal&#8220; use_custom_heading=&#8220;true&#8220;]<span style=\"color: #ffffff;\">Nein!<\/span><\/p>\n<p><span style=\"color: #ffffff;\">Bei uns steht in erster Linie die Entspannung und Anonymit\u00e4t unserer G\u00e4ste. Um eine solche Atmosph\u00e4re gew\u00e4hrleisten zu k\u00f6nnen, bieten wir keine Art von Junggesellenabschieden an.<\/span>[\/vc_toggle][\/vc_column][\/vc_row]\n<\/div>","protected":false},"excerpt":{"rendered":"<p>[vc_row][vc_column][vc_empty_space height=&#8220;120&#8243;][vc_custom_heading text=&#8220;Fragen &amp; Antworten&#8220; font_container=&#8220;tag:h1|text_align:center|color:%23ffffff&#8220; google_fonts=&#8220;font_family:Dancing%20Script%3Aregular%2C700|font_style:400%20regular%3A400%3Anormal&#8220;][vc_custom_heading text=&#8220;Einfach auf die jeweilige Frage f\u00fcr die Antwort klicken ;-)&#8220; font_container=&#8220;tag:h4|text_align:center|color:%23ffffff&#8220; google_fonts=&#8220;font_family:Raleway%3A100%2C200%2C300%2Cregular%2C500%2C600%2C700%2C800%2C900|font_style:400%20regular%3A400%3Anormal&#8220;][vc_empty_space height=&#8220;100&#8243;][vc_toggle title=&#8220;Wie viel kostet es?&#8220; custom_font_container=&#8220;tag:h2|text_align:left|color:%23ffffff&#8220; custom_google_fonts=&#8220;font_family:Raleway%3A100%2C200%2C300%2Cregular%2C500%2C600%2C700%2C800%2C900|font_style:400%20regular%3A400%3Anormal&#8220; use_custom_heading=&#8220;true&#8220;]Leider d\u00fcrfen wir euch diese Frage nicht auf der Webseite beantwortet, dies hat verschiedene Gr\u00fcnde. Zum einen sind unsere Damen selbstst\u00e4ndig und arbeiten auf eigene Rechnung, somit ist es&hellip;<\/p>\n","protected":false},"author":1,"featured_media":0,"parent":0,"menu_order":0,"comment_status":"closed","ping_status":"closed","template":"","meta":{"footnotes":""},"class_list":["post-1521","page","type-page","status-publish","hentry"],"_links":{"self":[{"href":"https:\/\/zaubermaus-haus.de\/wuerzburg\/wp-json\/wp\/v2\/pages\/1521","targetHints":{"allow":["GET"]}}],"collection":[{"href":"https:\/\/zaubermaus-haus.de\/wuerzburg\/wp-json\/wp\/v2\/pages"}],"about":[{"href":"https:\/\/zaubermaus-haus.de\/wuerzburg\/wp-json\/wp\/v2\/types\/page"}],"author":[{"embeddable":true,"href":"https:\/\/zaubermaus-haus.de\/wuerzburg\/wp-json\/wp\/v2\/users\/1"}],"replies":[{"embeddable":true,"href":"https:\/\/zaubermaus-haus.de\/wuerzburg\/wp-json\/wp\/v2\/comments?post=1521"}],"version-history":[{"count":15,"href":"https:\/\/zaubermaus-haus.de\/wuerzburg\/wp-json\/wp\/v2\/pages\/1521\/revisions"}],"predecessor-version":[{"id":1546,"href":"https:\/\/zaubermaus-haus.de\/wuerzburg\/wp-json\/wp\/v2\/pages\/1521\/revisions\/1546"}],"wp:attachment":[{"href":"https:\/\/zaubermaus-haus.de\/wuerzburg\/wp-json\/wp\/v2\/media?parent=1521"}],"curies":[{"name":"wp","href":"https:\/\/api.w.org\/{rel}","templated":true}]}}